{"id":10,"date":"2016-07-14T20:26:06","date_gmt":"2016-07-14T19:26:06","guid":{"rendered":"http:\/\/atelier-manifer.com\/?page_id=10"},"modified":"2020-10-07T20:14:16","modified_gmt":"2020-10-07T19:14:16","slug":"accueil","status":"publish","type":"page","link":"https:\/\/atelier-manifer.com\/","title":{"rendered":"Accueil"},"content":{"rendered":"<p>[et_pb_section admin_label=\u00a0\u00bbsection\u00a0\u00bb][et_pb_row admin_label=\u00a0\u00bbrow\u00a0\u00bb][et_pb_column type=\u00a0\u00bb1_2&Prime;][et_pb_text admin_label=\u00a0\u00bbTexte\u00a0\u00bb background_layout=\u00a0\u00bblight\u00a0\u00bb text_orientation=\u00a0\u00bbleft\u00a0\u00bb use_border_color=\u00a0\u00bboff\u00a0\u00bb border_color=\u00a0\u00bb#ffffff\u00a0\u00bb border_style=\u00a0\u00bbsolid\u00a0\u00bb]<\/p>\n<h1>Bienvenue dans la forge de Manifer&#8230;<\/h1>\n<p>Chauff\u00e9 \u00e0 une haute temp\u00e9rature, le fer devient mall\u00e9able et par ses outils et son exp\u00e9rience, le forgeron et le ferronnier d\u2019art donne, au fer forg\u00e9, une forme et des caract\u00e9ristiques qui permettent de r\u00e9aliser des objets du quotidien, et des ouvrages d\u2019art dot\u00e9s d\u2019une \u00e2me\u2026<\/p>\n<p>Ainsi, gr\u00e2ce \u00e0 la connaissance de techniques anciennes, le ferronnier d\u2019art restaure \u00e0 l\u2019identique les productions des si\u00e8cles pass\u00e9es mais aussi cr\u00e9er et r\u00e9alise des ouvrages contemporains en accord direct avec leur environnement.<\/p>\n<p>[\/et_pb_text][et_pb_text admin_label=\u00a0\u00bbTexte\u00a0\u00bb background_layout=\u00a0\u00bblight\u00a0\u00bb text_orientation=\u00a0\u00bbleft\u00a0\u00bb use_border_color=\u00a0\u00bboff\u00a0\u00bb border_color=\u00a0\u00bb#ffffff\u00a0\u00bb border_style=\u00a0\u00bbsolid\u00a0\u00bb]<\/p>\n<p>L\u2019atelier MANIFER cr\u00e9\u00e9 et fabrique des ouvrages utilitaires et artistiques en fer forg\u00e9 selon votre demande.<\/p>\n<ul>\n<li><strong>El\u00e9ments architecturaux&nbsp;:<\/strong> garde-corps, escaliers et rampes, main-courantes, grilles, portails, verri\u00e8res, pergolas, tirant de charpente et croix de St Andr\u00e9\u2026<\/li>\n<li><strong>Mobilier int\u00e9rieur<\/strong> <strong>et ext\u00e9rieur&nbsp;: <\/strong>tables, chaises, \u00e9tag\u00e8res, luminaires, miroirs, bougeoirs\u2026<\/li>\n<li><strong>Serrurerie&nbsp;: <\/strong>serrures, clous, pentures, targettes, verrous, espagnolettes, cr\u00e9mones, heurtoirs, fiches\u2026<\/li>\n<li><strong>Outils&nbsp;: <\/strong>fabrication et restauration d\u2019outillage pour artisan (tailleur de pierre, menuisier, charpentier\u2026)<\/li>\n<\/ul>\n<p>Situ\u00e9 \u00e0 Bouguenais, pr\u00eat de Nantes, en Loire-Atlantique (44), l\u2019atelier MANIFER est une entreprise artisanale &nbsp;cr\u00e9\u00e9 en 2013 par Julien Cadoret. C\u2019est apr\u00e8s 10 ans de pratique de la forge et de la m\u00e9tallerie dans diverse ateliers de restauration du patrimoine ou de cr\u00e9ation artistiques qu\u2019il d\u00e9cide de fonder sa propre soci\u00e9t\u00e9 pour mettre \u00e0 votre services ses connaissances du fer et de l\u2019acier.<\/p>\n<p><strong>Les pratiques et l\u2019\u00e9thique de l\u2019atelier&nbsp;:<\/strong><\/p>\n<ul>\n<li>\u00ab&nbsp;Dans les r\u00e8gles de l\u2019art&nbsp;\u00bb,La restauration du patrimoine se fait d\u2019apr\u00e8s les techniques, mat\u00e9riaux et savoir-faire utilis\u00e9s \u00e0 l\u2019\u00e9poque.<\/li>\n<li>Les cr\u00e9ations sont uniques, personnalis\u00e9s et&nbsp; s\u2019accordent avec l\u2019espace \u00e0 investir. Recherches et dessins avant-projet sont donc indispensables pour \u00eatre au maximum \u00e0 l\u2019\u00e9coute de vos souhaits.<\/li>\n<li>Le choix du charbon de bois comme combustible de forge. Pour les raisons&nbsp; du respect de l\u2019environnement, et d\u2019\u00e9thique de sa provenance, le charbon de bois est une source d\u2019\u00e9nergie renouvelable et locale.<\/li>\n<\/ul>\n<p>[\/et_pb_text][et_pb_cta admin_label=\u00a0\u00bbAppel d&rsquo;action\u00a0\u00bb button_url=\u00a0\u00bbhttp:\/\/atelier-manifer.com\/index.php\/contact\/\u00a0\u00bb url_new_window=\u00a0\u00bboff\u00a0\u00bb button_text=\u00a0\u00bbInformation ou demande de devis ? Contactez-moi !\u00a0\u00bb use_background_color=\u00a0\u00bboff\u00a0\u00bb background_color=\u00a0\u00bb#dd3333&Prime; background_layout=\u00a0\u00bblight\u00a0\u00bb text_orientation=\u00a0\u00bbleft\u00a0\u00bb use_border_color=\u00a0\u00bboff\u00a0\u00bb border_color=\u00a0\u00bb#e02b20&Prime; border_style=\u00a0\u00bbsolid\u00a0\u00bb custom_button=\u00a0\u00bboff\u00a0\u00bb button_letter_spacing=\u00a0\u00bb0&Prime; button_use_icon=\u00a0\u00bbdefault\u00a0\u00bb button_icon_placement=\u00a0\u00bbright\u00a0\u00bb button_on_hover=\u00a0\u00bbon\u00a0\u00bb button_letter_spacing_hover=\u00a0\u00bb0&Prime;] [\/et_pb_cta][\/et_pb_column][et_pb_column type=\u00a0\u00bb1_2&Prime;][et_pb_slider admin_label=\u00a0\u00bbDiapo\u00a0\u00bb show_arrows=\u00a0\u00bbon\u00a0\u00bb show_pagination=\u00a0\u00bbon\u00a0\u00bb auto=\u00a0\u00bbon\u00a0\u00bb auto_speed=\u00a0\u00bb5000&Prime; auto_ignore_hover=\u00a0\u00bbon\u00a0\u00bb parallax=\u00a0\u00bboff\u00a0\u00bb parallax_method=\u00a0\u00bboff\u00a0\u00bb remove_inner_shadow=\u00a0\u00bbon\u00a0\u00bb background_position=\u00a0\u00bbdefault\u00a0\u00bb background_size=\u00a0\u00bbdefault\u00a0\u00bb hide_content_on_mobile=\u00a0\u00bboff\u00a0\u00bb hide_cta_on_mobile=\u00a0\u00bboff\u00a0\u00bb show_image_video_mobile=\u00a0\u00bboff\u00a0\u00bb custom_button=\u00a0\u00bboff\u00a0\u00bb button_letter_spacing=\u00a0\u00bb0&Prime; button_use_icon=\u00a0\u00bbdefault\u00a0\u00bb button_icon_placement=\u00a0\u00bbright\u00a0\u00bb button_on_hover=\u00a0\u00bbon\u00a0\u00bb button_letter_spacing_hover=\u00a0\u00bb0&Prime; bottom_padding=\u00a0\u00bb-50px\u00a0\u00bb] [et_pb_slide background_position=\u00a0\u00bbdefault\u00a0\u00bb background_size=\u00a0\u00bbdefault\u00a0\u00bb background_color=\u00a0\u00bb#ffffff\u00a0\u00bb use_bg_overlay=\u00a0\u00bboff\u00a0\u00bb use_text_overlay=\u00a0\u00bboff\u00a0\u00bb alignment=\u00a0\u00bbcenter\u00a0\u00bb background_layout=\u00a0\u00bbdark\u00a0\u00bb allow_player_pause=\u00a0\u00bboff\u00a0\u00bb text_border_radius=\u00a0\u00bb3&Prime; header_font_select=\u00a0\u00bbdefault\u00a0\u00bb header_font=\u00a0\u00bb||||\u00a0\u00bb body_font_select=\u00a0\u00bbdefault\u00a0\u00bb body_font=\u00a0\u00bb||||\u00a0\u00bb custom_button=\u00a0\u00bboff\u00a0\u00bb button_font_select=\u00a0\u00bbdefault\u00a0\u00bb button_font=\u00a0\u00bb||||\u00a0\u00bb button_use_icon=\u00a0\u00bbdefault\u00a0\u00bb button_icon_placement=\u00a0\u00bbright\u00a0\u00bb button_on_hover=\u00a0\u00bbon\u00a0\u00bb image=\u00a0\u00bbhttp:\/\/atelier-manifer.com\/wp-content\/uploads\/2016\/07\/chaise-carr\u00e9-605.jpg\u00a0\u00bb] [\/et_pb_slide][et_pb_slide background_position=\u00a0\u00bbdefault\u00a0\u00bb background_size=\u00a0\u00bbdefault\u00a0\u00bb background_color=\u00a0\u00bb#ffffff\u00a0\u00bb use_bg_overlay=\u00a0\u00bboff\u00a0\u00bb use_text_overlay=\u00a0\u00bboff\u00a0\u00bb alignment=\u00a0\u00bbcenter\u00a0\u00bb background_layout=\u00a0\u00bbdark\u00a0\u00bb allow_player_pause=\u00a0\u00bboff\u00a0\u00bb text_border_radius=\u00a0\u00bb3&Prime; header_font_select=\u00a0\u00bbdefault\u00a0\u00bb header_font=\u00a0\u00bb||||\u00a0\u00bb body_font_select=\u00a0\u00bbdefault\u00a0\u00bb body_font=\u00a0\u00bb||||\u00a0\u00bb custom_button=\u00a0\u00bboff\u00a0\u00bb button_font_select=\u00a0\u00bbdefault\u00a0\u00bb button_font=\u00a0\u00bb||||\u00a0\u00bb button_use_icon=\u00a0\u00bbdefault\u00a0\u00bb button_icon_placement=\u00a0\u00bbright\u00a0\u00bb button_on_hover=\u00a0\u00bbon\u00a0\u00bb image=\u00a0\u00bbhttp:\/\/atelier-manifer.com\/wp-content\/uploads\/2016\/07\/saill\u00e9-5.jpg\u00a0\u00bb] [\/et_pb_slide][et_pb_slide background_position=\u00a0\u00bbdefault\u00a0\u00bb background_size=\u00a0\u00bbdefault\u00a0\u00bb background_color=\u00a0\u00bb#ffffff\u00a0\u00bb image=\u00a0\u00bbhttp:\/\/atelier-manifer.com\/wp-content\/uploads\/2016\/07\/luminaire-double-Passage-Pommeraye-605.jpg\u00a0\u00bb use_bg_overlay=\u00a0\u00bboff\u00a0\u00bb use_text_overlay=\u00a0\u00bboff\u00a0\u00bb alignment=\u00a0\u00bbcenter\u00a0\u00bb background_layout=\u00a0\u00bbdark\u00a0\u00bb allow_player_pause=\u00a0\u00bboff\u00a0\u00bb text_border_radius=\u00a0\u00bb3&Prime; header_font_select=\u00a0\u00bbdefault\u00a0\u00bb header_font=\u00a0\u00bb||||\u00a0\u00bb body_font_select=\u00a0\u00bbdefault\u00a0\u00bb body_font=\u00a0\u00bb||||\u00a0\u00bb custom_button=\u00a0\u00bboff\u00a0\u00bb button_font_select=\u00a0\u00bbdefault\u00a0\u00bb button_font=\u00a0\u00bb||||\u00a0\u00bb button_use_icon=\u00a0\u00bbdefault\u00a0\u00bb button_icon_placement=\u00a0\u00bbright\u00a0\u00bb button_on_hover=\u00a0\u00bbon\u00a0\u00bb] [\/et_pb_slide] [\/et_pb_slider][\/et_pb_column][\/et_pb_row][\/et_pb_section][et_pb_section admin_label=\u00a0\u00bbSection\u00a0\u00bb fullwidth=\u00a0\u00bbon\u00a0\u00bb specialty=\u00a0\u00bboff\u00a0\u00bb][\/et_pb_section]<\/p>\n","protected":false},"excerpt":{"rendered":"<p>Bienvenue dans la forge de Manifer&#8230; Chauff\u00e9 \u00e0 une haute temp\u00e9rature, le fer devient mall\u00e9able et par ses outils et son exp\u00e9rience, le forgeron et le ferronnier d\u2019art donne, au fer forg\u00e9, une forme et des caract\u00e9ristiques qui permettent de r\u00e9aliser des objets du quotidien, et des ouvrages d\u2019art dot\u00e9s d\u2019une \u00e2me\u2026 Ainsi, gr\u00e2ce \u00e0 [&hellip;]<\/p>\n","protected":false},"author":1,"featured_media":0,"parent":0,"menu_order":0,"comment_status":"closed","ping_status":"closed","template":"","meta":{"_et_pb_use_builder":"on","_et_pb_old_content":"","_et_gb_content_width":"","footnotes":""},"class_list":["post-10","page","type-page","status-publish","hentry"],"yoast_head":"<!-- This site is optimized with the Yoast SEO plugin v23.7 - https:\/\/yoast.com\/wordpress\/plugins\/seo\/ -->\n<title>Atelier Manifer - Ferronnerie contemporaine et restauration en fer forg\u00e9<\/title>\n<meta name=\"description\" content=\"Bienvenue dans la forge de Manifer, atelier de cr\u00e9ation, restauration de ferronnerie, mobilier int\u00e9rieur, ext\u00e9rieur et r\u00e9alisations sur-mesure en fer forg\u00e9.\" \/>\n<meta name=\"robots\" content=\"index, follow, max-snippet:-1, max-image-preview:large, max-video-preview:-1\" \/>\n<link rel=\"canonical\" href=\"https:\/\/atelier-manifer.com\/\" \/>\n<meta property=\"og:locale\" content=\"fr_FR\" \/>\n<meta property=\"og:type\" content=\"article\" \/>\n<meta property=\"og:title\" content=\"Atelier Manifer - Ferronnerie contemporaine et restauration en fer forg\u00e9\" \/>\n<meta property=\"og:description\" content=\"Bienvenue dans la forge de Manifer, atelier de cr\u00e9ation, restauration de ferronnerie, mobilier int\u00e9rieur, ext\u00e9rieur et r\u00e9alisations sur-mesure en fer forg\u00e9.\" \/>\n<meta property=\"og:url\" content=\"https:\/\/atelier-manifer.com\/\" \/>\n<meta property=\"og:site_name\" content=\"Atelier Manifer\" \/>\n<meta property=\"article:modified_time\" content=\"2020-10-07T19:14:16+00:00\" \/>\n<meta name=\"twitter:card\" content=\"summary_large_image\" \/>\n<meta name=\"twitter:label1\" content=\"Dur\u00e9e de lecture estim\u00e9e\" \/>\n\t<meta name=\"twitter:data1\" content=\"4 minutes\" \/>\n<script type=\"application\/ld+json\" class=\"yoast-schema-graph\">{\"@context\":\"https:\/\/schema.org\",\"@graph\":[{\"@type\":\"WebPage\",\"@id\":\"https:\/\/atelier-manifer.com\/\",\"url\":\"https:\/\/atelier-manifer.com\/\",\"name\":\"Atelier Manifer - Ferronnerie contemporaine et restauration en fer forg\u00e9\",\"isPartOf\":{\"@id\":\"https:\/\/atelier-manifer.com\/#website\"},\"datePublished\":\"2016-07-14T19:26:06+00:00\",\"dateModified\":\"2020-10-07T19:14:16+00:00\",\"description\":\"Bienvenue dans la forge de Manifer, atelier de cr\u00e9ation, restauration de ferronnerie, mobilier int\u00e9rieur, ext\u00e9rieur et r\u00e9alisations sur-mesure en fer forg\u00e9.\",\"breadcrumb\":{\"@id\":\"https:\/\/atelier-manifer.com\/#breadcrumb\"},\"inLanguage\":\"fr-FR\",\"potentialAction\":[{\"@type\":\"ReadAction\",\"target\":[\"https:\/\/atelier-manifer.com\/\"]}]},{\"@type\":\"BreadcrumbList\",\"@id\":\"https:\/\/atelier-manifer.com\/#breadcrumb\",\"itemListElement\":[{\"@type\":\"ListItem\",\"position\":1,\"name\":\"Accueil\",\"item\":\"https:\/\/atelier-manifer.com\/\"},{\"@type\":\"ListItem\",\"position\":2,\"name\":\"Accueil\"}]},{\"@type\":\"WebSite\",\"@id\":\"https:\/\/atelier-manifer.com\/#website\",\"url\":\"https:\/\/atelier-manifer.com\/\",\"name\":\"Atelier Manifer\",\"description\":\"Ferronnerie contemporaine\",\"publisher\":{\"@id\":\"https:\/\/atelier-manifer.com\/#organization\"},\"potentialAction\":[{\"@type\":\"SearchAction\",\"target\":{\"@type\":\"EntryPoint\",\"urlTemplate\":\"https:\/\/atelier-manifer.com\/?s={search_term_string}\"},\"query-input\":{\"@type\":\"PropertyValueSpecification\",\"valueRequired\":true,\"valueName\":\"search_term_string\"}}],\"inLanguage\":\"fr-FR\"},{\"@type\":\"Organization\",\"@id\":\"https:\/\/atelier-manifer.com\/#organization\",\"name\":\"Atelier Manifer\",\"url\":\"https:\/\/atelier-manifer.com\/\",\"logo\":{\"@type\":\"ImageObject\",\"inLanguage\":\"fr-FR\",\"@id\":\"https:\/\/atelier-manifer.com\/#\/schema\/logo\/image\/\",\"url\":\"https:\/\/atelier-manifer.com\/wp-content\/uploads\/2016\/07\/logo-manifer.png\",\"contentUrl\":\"https:\/\/atelier-manifer.com\/wp-content\/uploads\/2016\/07\/logo-manifer.png\",\"width\":512,\"height\":512,\"caption\":\"Atelier Manifer\"},\"image\":{\"@id\":\"https:\/\/atelier-manifer.com\/#\/schema\/logo\/image\/\"}}]}<\/script>\n<!-- \/ Yoast SEO plugin. -->","yoast_head_json":{"title":"Atelier Manifer - Ferronnerie contemporaine et restauration en fer forg\u00e9","description":"Bienvenue dans la forge de Manifer, atelier de cr\u00e9ation, restauration de ferronnerie, mobilier int\u00e9rieur, ext\u00e9rieur et r\u00e9alisations sur-mesure en fer forg\u00e9.","robots":{"index":"index","follow":"follow","max-snippet":"max-snippet:-1","max-image-preview":"max-image-preview:large","max-video-preview":"max-video-preview:-1"},"canonical":"https:\/\/atelier-manifer.com\/","og_locale":"fr_FR","og_type":"article","og_title":"Atelier Manifer - Ferronnerie contemporaine et restauration en fer forg\u00e9","og_description":"Bienvenue dans la forge de Manifer, atelier de cr\u00e9ation, restauration de ferronnerie, mobilier int\u00e9rieur, ext\u00e9rieur et r\u00e9alisations sur-mesure en fer forg\u00e9.","og_url":"https:\/\/atelier-manifer.com\/","og_site_name":"Atelier Manifer","article_modified_time":"2020-10-07T19:14:16+00:00","twitter_card":"summary_large_image","twitter_misc":{"Dur\u00e9e de lecture estim\u00e9e":"4 minutes"},"schema":{"@context":"https:\/\/schema.org","@graph":[{"@type":"WebPage","@id":"https:\/\/atelier-manifer.com\/","url":"https:\/\/atelier-manifer.com\/","name":"Atelier Manifer - Ferronnerie contemporaine et restauration en fer forg\u00e9","isPartOf":{"@id":"https:\/\/atelier-manifer.com\/#website"},"datePublished":"2016-07-14T19:26:06+00:00","dateModified":"2020-10-07T19:14:16+00:00","description":"Bienvenue dans la forge de Manifer, atelier de cr\u00e9ation, restauration de ferronnerie, mobilier int\u00e9rieur, ext\u00e9rieur et r\u00e9alisations sur-mesure en fer forg\u00e9.","breadcrumb":{"@id":"https:\/\/atelier-manifer.com\/#breadcrumb"},"inLanguage":"fr-FR","potentialAction":[{"@type":"ReadAction","target":["https:\/\/atelier-manifer.com\/"]}]},{"@type":"BreadcrumbList","@id":"https:\/\/atelier-manifer.com\/#breadcrumb","itemListElement":[{"@type":"ListItem","position":1,"name":"Accueil","item":"https:\/\/atelier-manifer.com\/"},{"@type":"ListItem","position":2,"name":"Accueil"}]},{"@type":"WebSite","@id":"https:\/\/atelier-manifer.com\/#website","url":"https:\/\/atelier-manifer.com\/","name":"Atelier Manifer","description":"Ferronnerie contemporaine","publisher":{"@id":"https:\/\/atelier-manifer.com\/#organization"},"potentialAction":[{"@type":"SearchAction","target":{"@type":"EntryPoint","urlTemplate":"https:\/\/atelier-manifer.com\/?s={search_term_string}"},"query-input":{"@type":"PropertyValueSpecification","valueRequired":true,"valueName":"search_term_string"}}],"inLanguage":"fr-FR"},{"@type":"Organization","@id":"https:\/\/atelier-manifer.com\/#organization","name":"Atelier Manifer","url":"https:\/\/atelier-manifer.com\/","logo":{"@type":"ImageObject","inLanguage":"fr-FR","@id":"https:\/\/atelier-manifer.com\/#\/schema\/logo\/image\/","url":"https:\/\/atelier-manifer.com\/wp-content\/uploads\/2016\/07\/logo-manifer.png","contentUrl":"https:\/\/atelier-manifer.com\/wp-content\/uploads\/2016\/07\/logo-manifer.png","width":512,"height":512,"caption":"Atelier Manifer"},"image":{"@id":"https:\/\/atelier-manifer.com\/#\/schema\/logo\/image\/"}}]}},"_links":{"self":[{"href":"https:\/\/atelier-manifer.com\/index.php\/wp-json\/wp\/v2\/pages\/10"}],"collection":[{"href":"https:\/\/atelier-manifer.com\/index.php\/wp-json\/wp\/v2\/pages"}],"about":[{"href":"https:\/\/atelier-manifer.com\/index.php\/wp-json\/wp\/v2\/types\/page"}],"author":[{"embeddable":true,"href":"https:\/\/atelier-manifer.com\/index.php\/wp-json\/wp\/v2\/users\/1"}],"replies":[{"embeddable":true,"href":"https:\/\/atelier-manifer.com\/index.php\/wp-json\/wp\/v2\/comments?post=10"}],"version-history":[{"count":38,"href":"https:\/\/atelier-manifer.com\/index.php\/wp-json\/wp\/v2\/pages\/10\/revisions"}],"predecessor-version":[{"id":416,"href":"https:\/\/atelier-manifer.com\/index.php\/wp-json\/wp\/v2\/pages\/10\/revisions\/416"}],"wp:attachment":[{"href":"https:\/\/atelier-manifer.com\/index.php\/wp-json\/wp\/v2\/media?parent=10"}],"curies":[{"name":"wp","href":"https:\/\/api.w.org\/{rel}","templated":true}]}}