{"id":153,"date":"2017-01-04T22:50:11","date_gmt":"2017-01-04T21:50:11","guid":{"rendered":"http:\/\/atelier-manifer.com\/?page_id=153"},"modified":"2024-10-24T17:43:53","modified_gmt":"2024-10-24T16:43:53","slug":"mobilier","status":"publish","type":"page","link":"https:\/\/atelier-manifer.com\/index.php\/mobilier\/","title":{"rendered":"Mobilier"},"content":{"rendered":"<p>[et_pb_section fb_built=\u00a0\u00bb1&Prime; admin_label=\u00a0\u00bbsection\u00a0\u00bb _builder_version=\u00a0\u00bb4.16&Prime; global_colors_info=\u00a0\u00bb{}\u00a0\u00bb][et_pb_row admin_label=\u00a0\u00bbrow\u00a0\u00bb _builder_version=\u00a0\u00bb4.16&Prime; background_size=\u00a0\u00bbinitial\u00a0\u00bb background_position=\u00a0\u00bbtop_left\u00a0\u00bb background_repeat=\u00a0\u00bbrepeat\u00a0\u00bb global_colors_info=\u00a0\u00bb{}\u00a0\u00bb][et_pb_column type=\u00a0\u00bb4_4&Prime; _builder_version=\u00a0\u00bb4.16&Prime; custom_padding=\u00a0\u00bb|||\u00a0\u00bb global_colors_info=\u00a0\u00bb{}\u00a0\u00bb custom_padding__hover=\u00a0\u00bb|||\u00a0\u00bb][et_pb_text admin_label=\u00a0\u00bbMobilier\u00a0\u00bb _builder_version=\u00a0\u00bb4.16&Prime; background_size=\u00a0\u00bbinitial\u00a0\u00bb background_position=\u00a0\u00bbtop_left\u00a0\u00bb background_repeat=\u00a0\u00bbrepeat\u00a0\u00bb use_border_color=\u00a0\u00bboff\u00a0\u00bb border_color=\u00a0\u00bb#ffffff\u00a0\u00bb border_style=\u00a0\u00bbsolid\u00a0\u00bb global_colors_info=\u00a0\u00bb{}\u00a0\u00bb]<\/p>\n<h1>Mobilier en fer forg\u00e9<\/h1>\n<p>Le travail de la forge permet de s&rsquo;adapter aux diverses fonctions d&rsquo;un objet, tout en conservant un aspect d\u00e9coratif. Alli\u00e9 \u00e0 d&rsquo;autres mat\u00e9riaux, le fer forg\u00e9 est donc id\u00e9al pour un am\u00e9nagement int\u00e9rieur sur mesure, fonctionnel et personnalis\u00e9.<br \/>\n[\/et_pb_text][\/et_pb_column][\/et_pb_row][et_pb_row column_structure=\u00a0\u00bb1_4,1_4,1_4,1_4&Prime; admin_label=\u00a0\u00bbLigne\u00a0\u00bb _builder_version=\u00a0\u00bb4.16&Prime; background_size=\u00a0\u00bbinitial\u00a0\u00bb background_position=\u00a0\u00bbtop_left\u00a0\u00bb background_repeat=\u00a0\u00bbrepeat\u00a0\u00bb global_colors_info=\u00a0\u00bb{}\u00a0\u00bb][et_pb_column type=\u00a0\u00bb1_4&Prime; _builder_version=\u00a0\u00bb4.16&Prime; custom_padding=\u00a0\u00bb|||\u00a0\u00bb global_colors_info=\u00a0\u00bb{}\u00a0\u00bb custom_padding__hover=\u00a0\u00bb|||\u00a0\u00bb][et_pb_gallery gallery_ids=\u00a0\u00bb321,322,219&Prime; posts_number=\u00a0\u00bb1&Prime; admin_label=\u00a0\u00bbTable basse\u00a0\u00bb _builder_version=\u00a0\u00bb4.16&Prime; use_border_color=\u00a0\u00bboff\u00a0\u00bb border_color=\u00a0\u00bb#ffffff\u00a0\u00bb border_style=\u00a0\u00bbsolid\u00a0\u00bb global_colors_info=\u00a0\u00bb{}\u00a0\u00bb] [\/et_pb_gallery][\/et_pb_column][et_pb_column type=\u00a0\u00bb1_4&Prime; _builder_version=\u00a0\u00bb4.16&Prime; custom_padding=\u00a0\u00bb|||\u00a0\u00bb global_colors_info=\u00a0\u00bb{}\u00a0\u00bb custom_padding__hover=\u00a0\u00bb|||\u00a0\u00bb][et_pb_gallery gallery_ids=\u00a0\u00bb319,201,202,203&Prime; posts_number=\u00a0\u00bb1&Prime; admin_label=\u00a0\u00bbChaise %22carr\u00e9%22&Prime; _builder_version=\u00a0\u00bb4.16&Prime; use_border_color=\u00a0\u00bboff\u00a0\u00bb border_color=\u00a0\u00bb#ffffff\u00a0\u00bb border_style=\u00a0\u00bbsolid\u00a0\u00bb global_colors_info=\u00a0\u00bb{}\u00a0\u00bb] [\/et_pb_gallery][\/et_pb_column][et_pb_column type=\u00a0\u00bb1_4&Prime; _builder_version=\u00a0\u00bb4.16&Prime; custom_padding=\u00a0\u00bb|||\u00a0\u00bb global_colors_info=\u00a0\u00bb{}\u00a0\u00bb custom_padding__hover=\u00a0\u00bb|||\u00a0\u00bb][et_pb_gallery gallery_ids=\u00a0\u00bb324&Prime; posts_number=\u00a0\u00bb1&Prime; admin_label=\u00a0\u00bbChaise v\u00e9g\u00e9tal\u00a0\u00bb _builder_version=\u00a0\u00bb4.16&Prime; use_border_color=\u00a0\u00bboff\u00a0\u00bb border_color=\u00a0\u00bb#ffffff\u00a0\u00bb border_style=\u00a0\u00bbsolid\u00a0\u00bb global_colors_info=\u00a0\u00bb{}\u00a0\u00bb] [\/et_pb_gallery][\/et_pb_column][et_pb_column type=\u00a0\u00bb1_4&Prime; _builder_version=\u00a0\u00bb4.16&Prime; custom_padding=\u00a0\u00bb|||\u00a0\u00bb global_colors_info=\u00a0\u00bb{}\u00a0\u00bb custom_padding__hover=\u00a0\u00bb|||\u00a0\u00bb][et_pb_gallery gallery_ids=\u00a0\u00bb326,327&Prime; posts_number=\u00a0\u00bb1&Prime; admin_label=\u00a0\u00bbChaise %22sauterelle%22&Prime; _builder_version=\u00a0\u00bb4.16&Prime; use_border_color=\u00a0\u00bboff\u00a0\u00bb border_color=\u00a0\u00bb#ffffff\u00a0\u00bb border_style=\u00a0\u00bbsolid\u00a0\u00bb global_colors_info=\u00a0\u00bb{}\u00a0\u00bb] [\/et_pb_gallery][\/et_pb_column][\/et_pb_row][et_pb_row column_structure=\u00a0\u00bb1_5,1_5,1_5,1_5,1_5&Prime; admin_label=\u00a0\u00bbLigne\u00a0\u00bb _builder_version=\u00a0\u00bb4.16&Prime; background_size=\u00a0\u00bbinitial\u00a0\u00bb background_position=\u00a0\u00bbtop_left\u00a0\u00bb background_repeat=\u00a0\u00bbrepeat\u00a0\u00bb global_colors_info=\u00a0\u00bb{}\u00a0\u00bb][et_pb_column type=\u00a0\u00bb1_5&Prime; _builder_version=\u00a0\u00bb4.16&Prime; custom_padding=\u00a0\u00bb|||\u00a0\u00bb global_colors_info=\u00a0\u00bb{}\u00a0\u00bb custom_padding__hover=\u00a0\u00bb|||\u00a0\u00bb][et_pb_gallery gallery_ids=\u00a0\u00bb356,357&Prime; posts_number=\u00a0\u00bb1&Prime; admin_label=\u00a0\u00bbApplique orgue de barbarie\u00a0\u00bb _builder_version=\u00a0\u00bb4.16&Prime; use_border_color=\u00a0\u00bboff\u00a0\u00bb border_color=\u00a0\u00bb#ffffff\u00a0\u00bb border_style=\u00a0\u00bbsolid\u00a0\u00bb global_colors_info=\u00a0\u00bb{}\u00a0\u00bb] [\/et_pb_gallery][\/et_pb_column][et_pb_column type=\u00a0\u00bb1_5&Prime; _builder_version=\u00a0\u00bb4.16&Prime; custom_padding=\u00a0\u00bb|||\u00a0\u00bb global_colors_info=\u00a0\u00bb{}\u00a0\u00bb custom_padding__hover=\u00a0\u00bb|||\u00a0\u00bb][et_pb_gallery gallery_ids=\u00a0\u00bb362,363&Prime; posts_number=\u00a0\u00bb1&Prime; admin_label=\u00a0\u00bbApplique guitare\u00a0\u00bb _builder_version=\u00a0\u00bb4.16&Prime; use_border_color=\u00a0\u00bboff\u00a0\u00bb border_color=\u00a0\u00bb#ffffff\u00a0\u00bb border_style=\u00a0\u00bbsolid\u00a0\u00bb global_colors_info=\u00a0\u00bb{}\u00a0\u00bb] [\/et_pb_gallery][\/et_pb_column][et_pb_column _builder_version=\u00a0\u00bb4.27.2&Prime; _module_preset=\u00a0\u00bbdefault\u00a0\u00bb type=\u00a0\u00bb1_5&Prime;][\/et_pb_column][et_pb_column type=\u00a0\u00bb1_5&Prime; _builder_version=\u00a0\u00bb4.16&Prime; custom_padding=\u00a0\u00bb|||\u00a0\u00bb global_colors_info=\u00a0\u00bb{}\u00a0\u00bb custom_padding__hover=\u00a0\u00bb|||\u00a0\u00bb][\/et_pb_column][et_pb_column type=\u00a0\u00bb1_5&Prime; _builder_version=\u00a0\u00bb4.16&Prime; custom_padding=\u00a0\u00bb|||\u00a0\u00bb global_colors_info=\u00a0\u00bb{}\u00a0\u00bb custom_padding__hover=\u00a0\u00bb|||\u00a0\u00bb][\/et_pb_column][\/et_pb_row][\/et_pb_section]<\/p>\n","protected":false},"excerpt":{"rendered":"<p>Mobilier en fer forg\u00e9 Le travail de la forge permet de s&rsquo;adapter aux diverses fonctions d&rsquo;un objet, tout en conservant un aspect d\u00e9coratif. Alli\u00e9 \u00e0 d&rsquo;autres mat\u00e9riaux, le fer forg\u00e9 est donc id\u00e9al pour un am\u00e9nagement int\u00e9rieur sur mesure, fonctionnel et personnalis\u00e9.<\/p>\n","protected":false},"author":1,"featured_media":0,"parent":0,"menu_order":0,"comment_status":"closed","ping_status":"closed","template":"","meta":{"_et_pb_use_builder":"on","_et_pb_old_content":"<p>Le travail de la forge permet de s'adapter aux diverses fonctions d'un objet, tout en conservant un aspect d\u00e9coratif. Alli\u00e9 \u00e0 d'autres mat\u00e9riaux, le fer forg\u00e9 est donc id\u00e9al pour un am\u00e9nagement sur mesure, fonctionnel et personnalis\u00e9.<\/p>","_et_gb_content_width":"","footnotes":""},"class_list":["post-153","page","type-page","status-publish","hentry"],"yoast_head":"<!-- This site is optimized with the Yoast SEO plugin v23.7 - https:\/\/yoast.com\/wordpress\/plugins\/seo\/ -->\n<title>Mobilier en fer forg\u00e9 - Atelier Manifier<\/title>\n<meta name=\"description\" content=\"Le travail de la forge permet de s\u2019adapter aux diverses fonctions d\u2019un objet et d&#039;un mobilier en fer forg\u00e9 tout en conservant un aspect d\u00e9coratif.\" \/>\n<meta name=\"robots\" content=\"index, follow, max-snippet:-1, max-image-preview:large, max-video-preview:-1\" \/>\n<link rel=\"canonical\" href=\"https:\/\/atelier-manifer.com\/index.php\/mobilier\/\" \/>\n<meta property=\"og:locale\" content=\"fr_FR\" \/>\n<meta property=\"og:type\" content=\"article\" \/>\n<meta property=\"og:title\" content=\"Mobilier en fer forg\u00e9 - Atelier Manifier\" \/>\n<meta property=\"og:description\" content=\"Le travail de la forge permet de s\u2019adapter aux diverses fonctions d\u2019un objet et d&#039;un mobilier en fer forg\u00e9 tout en conservant un aspect d\u00e9coratif.\" \/>\n<meta property=\"og:url\" content=\"https:\/\/atelier-manifer.com\/index.php\/mobilier\/\" \/>\n<meta property=\"og:site_name\" content=\"Atelier Manifer\" \/>\n<meta property=\"article:modified_time\" content=\"2024-10-24T16:43:53+00:00\" \/>\n<meta name=\"twitter:card\" content=\"summary_large_image\" \/>\n<meta name=\"twitter:label1\" content=\"Dur\u00e9e de lecture estim\u00e9e\" \/>\n\t<meta name=\"twitter:data1\" content=\"4 minutes\" \/>\n<script type=\"application\/ld+json\" class=\"yoast-schema-graph\">{\"@context\":\"https:\/\/schema.org\",\"@graph\":[{\"@type\":\"WebPage\",\"@id\":\"https:\/\/atelier-manifer.com\/index.php\/mobilier\/\",\"url\":\"https:\/\/atelier-manifer.com\/index.php\/mobilier\/\",\"name\":\"Mobilier en fer forg\u00e9 - Atelier Manifier\",\"isPartOf\":{\"@id\":\"https:\/\/atelier-manifer.com\/#website\"},\"datePublished\":\"2017-01-04T21:50:11+00:00\",\"dateModified\":\"2024-10-24T16:43:53+00:00\",\"description\":\"Le travail de la forge permet de s\u2019adapter aux diverses fonctions d\u2019un objet et d'un mobilier en fer forg\u00e9 tout en conservant un aspect d\u00e9coratif.\",\"breadcrumb\":{\"@id\":\"https:\/\/atelier-manifer.com\/index.php\/mobilier\/#breadcrumb\"},\"inLanguage\":\"fr-FR\",\"potentialAction\":[{\"@type\":\"ReadAction\",\"target\":[\"https:\/\/atelier-manifer.com\/index.php\/mobilier\/\"]}]},{\"@type\":\"BreadcrumbList\",\"@id\":\"https:\/\/atelier-manifer.com\/index.php\/mobilier\/#breadcrumb\",\"itemListElement\":[{\"@type\":\"ListItem\",\"position\":1,\"name\":\"Accueil\",\"item\":\"https:\/\/atelier-manifer.com\/\"},{\"@type\":\"ListItem\",\"position\":2,\"name\":\"Mobilier\"}]},{\"@type\":\"WebSite\",\"@id\":\"https:\/\/atelier-manifer.com\/#website\",\"url\":\"https:\/\/atelier-manifer.com\/\",\"name\":\"Atelier Manifer\",\"description\":\"Ferronnerie contemporaine\",\"publisher\":{\"@id\":\"https:\/\/atelier-manifer.com\/#organization\"},\"potentialAction\":[{\"@type\":\"SearchAction\",\"target\":{\"@type\":\"EntryPoint\",\"urlTemplate\":\"https:\/\/atelier-manifer.com\/?s={search_term_string}\"},\"query-input\":{\"@type\":\"PropertyValueSpecification\",\"valueRequired\":true,\"valueName\":\"search_term_string\"}}],\"inLanguage\":\"fr-FR\"},{\"@type\":\"Organization\",\"@id\":\"https:\/\/atelier-manifer.com\/#organization\",\"name\":\"Atelier Manifer\",\"url\":\"https:\/\/atelier-manifer.com\/\",\"logo\":{\"@type\":\"ImageObject\",\"inLanguage\":\"fr-FR\",\"@id\":\"https:\/\/atelier-manifer.com\/#\/schema\/logo\/image\/\",\"url\":\"https:\/\/atelier-manifer.com\/wp-content\/uploads\/2016\/07\/logo-manifer.png\",\"contentUrl\":\"https:\/\/atelier-manifer.com\/wp-content\/uploads\/2016\/07\/logo-manifer.png\",\"width\":512,\"height\":512,\"caption\":\"Atelier Manifer\"},\"image\":{\"@id\":\"https:\/\/atelier-manifer.com\/#\/schema\/logo\/image\/\"}}]}<\/script>\n<!-- \/ Yoast SEO plugin. -->","yoast_head_json":{"title":"Mobilier en fer forg\u00e9 - Atelier Manifier","description":"Le travail de la forge permet de s\u2019adapter aux diverses fonctions d\u2019un objet et d'un mobilier en fer forg\u00e9 tout en conservant un aspect d\u00e9coratif.","robots":{"index":"index","follow":"follow","max-snippet":"max-snippet:-1","max-image-preview":"max-image-preview:large","max-video-preview":"max-video-preview:-1"},"canonical":"https:\/\/atelier-manifer.com\/index.php\/mobilier\/","og_locale":"fr_FR","og_type":"article","og_title":"Mobilier en fer forg\u00e9 - Atelier Manifier","og_description":"Le travail de la forge permet de s\u2019adapter aux diverses fonctions d\u2019un objet et d'un mobilier en fer forg\u00e9 tout en conservant un aspect d\u00e9coratif.","og_url":"https:\/\/atelier-manifer.com\/index.php\/mobilier\/","og_site_name":"Atelier Manifer","article_modified_time":"2024-10-24T16:43:53+00:00","twitter_card":"summary_large_image","twitter_misc":{"Dur\u00e9e de lecture estim\u00e9e":"4 minutes"},"schema":{"@context":"https:\/\/schema.org","@graph":[{"@type":"WebPage","@id":"https:\/\/atelier-manifer.com\/index.php\/mobilier\/","url":"https:\/\/atelier-manifer.com\/index.php\/mobilier\/","name":"Mobilier en fer forg\u00e9 - Atelier Manifier","isPartOf":{"@id":"https:\/\/atelier-manifer.com\/#website"},"datePublished":"2017-01-04T21:50:11+00:00","dateModified":"2024-10-24T16:43:53+00:00","description":"Le travail de la forge permet de s\u2019adapter aux diverses fonctions d\u2019un objet et d'un mobilier en fer forg\u00e9 tout en conservant un aspect d\u00e9coratif.","breadcrumb":{"@id":"https:\/\/atelier-manifer.com\/index.php\/mobilier\/#breadcrumb"},"inLanguage":"fr-FR","potentialAction":[{"@type":"ReadAction","target":["https:\/\/atelier-manifer.com\/index.php\/mobilier\/"]}]},{"@type":"BreadcrumbList","@id":"https:\/\/atelier-manifer.com\/index.php\/mobilier\/#breadcrumb","itemListElement":[{"@type":"ListItem","position":1,"name":"Accueil","item":"https:\/\/atelier-manifer.com\/"},{"@type":"ListItem","position":2,"name":"Mobilier"}]},{"@type":"WebSite","@id":"https:\/\/atelier-manifer.com\/#website","url":"https:\/\/atelier-manifer.com\/","name":"Atelier Manifer","description":"Ferronnerie contemporaine","publisher":{"@id":"https:\/\/atelier-manifer.com\/#organization"},"potentialAction":[{"@type":"SearchAction","target":{"@type":"EntryPoint","urlTemplate":"https:\/\/atelier-manifer.com\/?s={search_term_string}"},"query-input":{"@type":"PropertyValueSpecification","valueRequired":true,"valueName":"search_term_string"}}],"inLanguage":"fr-FR"},{"@type":"Organization","@id":"https:\/\/atelier-manifer.com\/#organization","name":"Atelier Manifer","url":"https:\/\/atelier-manifer.com\/","logo":{"@type":"ImageObject","inLanguage":"fr-FR","@id":"https:\/\/atelier-manifer.com\/#\/schema\/logo\/image\/","url":"https:\/\/atelier-manifer.com\/wp-content\/uploads\/2016\/07\/logo-manifer.png","contentUrl":"https:\/\/atelier-manifer.com\/wp-content\/uploads\/2016\/07\/logo-manifer.png","width":512,"height":512,"caption":"Atelier Manifer"},"image":{"@id":"https:\/\/atelier-manifer.com\/#\/schema\/logo\/image\/"}}]}},"_links":{"self":[{"href":"https:\/\/atelier-manifer.com\/index.php\/wp-json\/wp\/v2\/pages\/153"}],"collection":[{"href":"https:\/\/atelier-manifer.com\/index.php\/wp-json\/wp\/v2\/pages"}],"about":[{"href":"https:\/\/atelier-manifer.com\/index.php\/wp-json\/wp\/v2\/types\/page"}],"author":[{"embeddable":true,"href":"https:\/\/atelier-manifer.com\/index.php\/wp-json\/wp\/v2\/users\/1"}],"replies":[{"embeddable":true,"href":"https:\/\/atelier-manifer.com\/index.php\/wp-json\/wp\/v2\/comments?post=153"}],"version-history":[{"count":18,"href":"https:\/\/atelier-manifer.com\/index.php\/wp-json\/wp\/v2\/pages\/153\/revisions"}],"predecessor-version":[{"id":428,"href":"https:\/\/atelier-manifer.com\/index.php\/wp-json\/wp\/v2\/pages\/153\/revisions\/428"}],"wp:attachment":[{"href":"https:\/\/atelier-manifer.com\/index.php\/wp-json\/wp\/v2\/media?parent=153"}],"curies":[{"name":"wp","href":"https:\/\/api.w.org\/{rel}","templated":true}]}}